{"id":59,"date":"2019-05-31T17:45:35","date_gmt":"2019-05-31T15:45:35","guid":{"rendered":"https:\/\/www.milanuncios.com\/prensa\/\/?page_id=59"},"modified":"2023-03-06T12:11:56","modified_gmt":"2023-03-06T11:11:56","slug":"informacion-corporativa","status":"publish","type":"page","link":"https:\/\/www.milanuncios.com\/prensa\/informacion-corporativa\/","title":{"rendered":"Informaci\u00f3n corporativa"},"content":{"rendered":"<p>Milanuncios es la app y web de anuncios en la que la gente realmente compra y vende de todo: desde decoraci\u00f3n y electr\u00f3nica, hasta pisos y coches. Nacida en el entorno digital en 2005, su trayectoria convierte a Milanuncios en la plataforma con m\u00e1s experiencia en el mercado de segunda mano. Su sencillez y facilidad de uso han hecho posible que la plataforma cuente con un p\u00fablico consolidado de  14,6 millones de usuarios que generan cada d\u00eda 2 millones de visitas y publican unos 86.000 nuevos anuncios a diario. El crecimiento de su renovada app ha permitido a Milanuncios posicionarse como una de las 25 apps que m\u00e1s han crecido en 2022, Top4 en apps de Retail, seg\u00fan el informe de Smartme Analytics <\/p>\n<p>Milanuncios pertenece a Adevinta Spain, una una compa\u00f1\u00eda l\u00edder en marketplaces digitales y una de las principales empresas del sector tecnol\u00f3gico del pa\u00eds, con m\u00e1s de 18 millones de usuarios al mes en sus plataformas de los sectores inmobiliario (Fotocasa y habitaclia), empleo (InfoJobs), motor (coches.net y motos.net) y compraventa de art\u00edculos de segunda mano (Milanuncios). Los negocios de Adevinta han evolucionado del papel al online a lo largo de m\u00e1s de 40 a\u00f1os de trayectoria en Espa\u00f1a, convirti\u00e9ndose en referentes de Internet. La sede de la compa\u00f1\u00eda est\u00e1 en Barcelona y cuenta con una plantilla de 1.200 personas comprometidas con fomentar un cambio positivo en el mundo a trav\u00e9s de tecnolog\u00eda innovadora, otorgando una nueva oportunidad a quienes la est\u00e1n buscando y dando a las cosas una segunda vida.<\/p>\n<p>Adevinta tiene presencia mundial en 11 pa\u00edses. El conjunto de sus plataformas locales recibe un promedio de 3.000 millones de visitas cada mes.----<\/p>\n","protected":false},"excerpt":{"rendered":"<p>Milanuncios es la app y web de anuncios en la que la gente realmente compra y vende de todo: desde decoraci\u00f3n y electr\u00f3nica, hasta pisos y coches. Nacida en el entorno digital en 2005, su trayectoria convierte a Milanuncios en la plataforma con m\u00e1s experiencia en el mercado de segunda mano. Su sencillez y facilidad [&hellip;]<\/p>\n","protected":false},"author":1,"featured_media":0,"parent":0,"menu_order":0,"comment_status":"closed","ping_status":"closed","template":"","meta":{"_acf_changed":false,"footnotes":"","_links_to":"","_links_to_target":""},"class_list":["post-59","page","type-page","status-publish","hentry"],"acf":[],"aioseo_notices":[],"_links":{"self":[{"href":"https:\/\/www.milanuncios.com\/prensa\/wp-json\/wp\/v2\/pages\/59","targetHints":{"allow":["GET"]}}],"collection":[{"href":"https:\/\/www.milanuncios.com\/prensa\/wp-json\/wp\/v2\/pages"}],"about":[{"href":"https:\/\/www.milanuncios.com\/prensa\/wp-json\/wp\/v2\/types\/page"}],"author":[{"embeddable":true,"href":"https:\/\/www.milanuncios.com\/prensa\/wp-json\/wp\/v2\/users\/1"}],"replies":[{"embeddable":true,"href":"https:\/\/www.milanuncios.com\/prensa\/wp-json\/wp\/v2\/comments?post=59"}],"version-history":[{"count":0,"href":"https:\/\/www.milanuncios.com\/prensa\/wp-json\/wp\/v2\/pages\/59\/revisions"}],"wp:attachment":[{"href":"https:\/\/www.milanuncios.com\/prensa\/wp-json\/wp\/v2\/media?parent=59"}],"curies":[{"name":"wp","href":"https:\/\/api.w.org\/{rel}","templated":true}]}}